{"id":10,"date":"2016-03-07T16:07:21","date_gmt":"2016-03-07T15:07:21","guid":{"rendered":"http:\/\/127.0.0.1\/Equidream\/site\/?page_id=10"},"modified":"2022-04-22T17:32:53","modified_gmt":"2022-04-22T15:32:53","slug":"equitherapie","status":"publish","type":"page","link":"https:\/\/www.equicura.be\/index.php\/equitherapie\/","title":{"rendered":"Wat is equitherapie"},"content":{"rendered":"<div id=\"box-counter-1\" class=\"box geel\" >\n<h1>Equitherapie<\/h1>\n<p>1 mei: \u00a0<a href=\"https:\/\/equitherapie.be\/nieuws\/open-beleef-dag\/\">Open-Beleef-dag<\/a><\/p>\n<p>Equitherapie is in essentie iemand naar zijn persoonlijk doel brengen met het paard als co-therapeut.\u00a0Equitherapie is geschikt voor zowel volwassenen als kinderen.<\/p>\n<p><strong>Equitherapie is gebaseerd op een natuurlijk mechanisme<\/strong> &#8211; Door hun enorme fijngevoeligheid als sociaal dier pikken paarden feilloos de sociale en emotionele toestand van anderen rondom hen op. Die toestand spiegelen ze. Dankzij dit krachtige natuurlijke mechanisme kan je via het paard inzicht krijgen in je eigen functioneren en je interacties met anderen. Die <em>feedback<\/em> vormt binnen de equitherapie de basis voor verandering en persoonlijke groei.<\/p>\n<p><strong>Equitherapie gaat uit van een holistische visie op de mens<\/strong> &#8211; Het psychische wordt sterk be\u00efnvloed door het fysieke, en vice versa. De fysieke interactie met het paard en de fysieke feedback die je krijgt in de therapie is mentaal stimulerend. Fysiek je mannetje kunnen staan tegenover een paard maakt je ook mentaal steviger in je schoenen staat.<\/p>\n<p><strong>Equitherapie is ervaringsgericht<\/strong> &#8211; Equitherapie gaat uit van re\u00eble ervaringen, van interacties, van wat gebeurt tussen mens en dier. Door de natuurlijke omgeving en de uitnodigende paarden worden je zintuigen ten volle gestimuleerd en kom je dichter bij jezelf.<\/p>\n<p><strong>Equitherapie is veilig<\/strong> &#8211; Een paard oordeelt nooit en aanvaardt onvoorwaardelijk wat er gebeurt &#8211; of niet gebeurt. Dat cre\u00ebert een sfeer van veiligheid, waarin er kan ge\u00ebxperimenteerd worden, waar alles mogelijk is, maar niets mo\u00e9t.<\/p>\n<p>Voor meer informatie in verband met equitherapie:\u00a0<a href=\"http:\/\/www.equitherapie.be\">equitherapie.be<\/a><\/p>\n<\/div>\n<div id=\"box-counter-2\" class=\"box blauw\" >\n<h3><strong>De meerwaarde van paarden in het therapeutisch proces<img decoding=\"async\" loading=\"lazy\" class=\"size-full wp-image-103 alignright\" src=\"http:\/\/www.equidream.be\/nieuw\/wp-content\/uploads\/2016\/03\/Charlien.jpg\" alt=\"Charlien\" width=\"500\" height=\"313\" srcset=\"https:\/\/www.equicura.be\/wp-content\/uploads\/2016\/03\/Charlien.jpg 500w, https:\/\/www.equicura.be\/wp-content\/uploads\/2016\/03\/Charlien-300x188.jpg 300w\" sizes=\"(max-width: 500px) 100vw, 500px\" \/><\/strong><\/h3>\n<p><em>&#8220;Is een mens geen betere mensentherapeut? Hoe kan een paard een mens nu aanvoelen? Wat kan een mens leren van een paard?&#8221;<\/em> Het zijn maar enkele van de vele vragen die vaak gesteld worden over equitherapie. Toch bieden paarden ons <strong>ie<br \/>\nts unieks<\/strong> bij een therapie. De reden is eenvoudig: <strong>paarden hebben enkel de natuur, hun instinct en het vertrouwen op\u00a0elkaar als leidraad voor het<br \/>\nleven<\/strong>.<\/p>\n<p>Die onvoorvoorwaardelijke aanvaarding van de ander, die vanzelfsprekende en natuurlijke verbondenheid die ze onder elkaar hebben, voelen ze ook tegenover de mens. <strong>De unieke veilige en aanvaardende context die hierdoor ontstaat laat toe dat het therapieproces snel tot de essentie kan komen<\/strong>.\u00a0Vijf redenen op een rij:<\/p>\n<p><strong>1 Werken met paarden stimuleert je fysiek en mentaal<\/strong><\/p>\n<p>Paarden geven een uitnodigende prikkel om contact te maken met jou. Ze willen met je communiceren en laten dat telkens weer duidelijk blijken. Dat schept vertrouwen om te durven in contact te treden, ook bij sociaal of emotioneel gekwetste personen. Want wat het paard je geeft, geeft het onvoorwaardelijk, zonder iets terug te verwachten. Het werken in deze stimulerende, natuurlijke en veilige omgeving laat je toe jezelf te zijn en de sociale maskers af te zetten.<\/p>\n<p><strong>2 Werken met paarden is verrassend<\/strong><br \/>\nPaarden reageren soms heel verrassend. Door hun gedrag stimuleren ze al je zintuigen, waardoor je dichter bij jezelf en je omgeving komt. Soms zo herkenbaar, soms zo onvoorspelbaar &#8211; maar altijd toveren ze een glimlach op je gezicht.<\/p>\n<p><strong>3 Werken met paarden is een intense ervaring<\/strong><br \/>\n\u201c<em>Zeg het me en ik zal het vergeten, toon het me en ik zal het onthouden, laat het me ervaren en ik zal het begrijpen<\/em>\u201d. Confucius wist al dat ervaringen ons het best dingen leren begrijpen. De inzichten die je krijgt in het therapeutisch proces met de paarden zijn zo diep verankerd dat je ze ook in je dagelijks leven overal kan toepassen.<br \/>\n<strong><br \/>\n4 Werken met paarden is leren gezond communiceren<\/strong><br \/>\nPaarden hun communicatie is gebaseerd op <em>eenduidigheid<\/em>. Door hun gevoeligheid vangen ze jouw signalen op en spiegelen jouw houding en gevoelens. Het paard toont je hoe je communiceert en jij ervaart wat het effect is van je communicatie. Zo leer je opkomen voor jezelf en eenduidig te communiceren wat je wil zeggen.<\/p>\n<p><strong>5 Paarden dragen ons<\/strong><br \/>\nPaarden\u00a0dragen ons in de breedste zin van het woord. Het paard kan je op de rug nemen en brengt door zijn bewegingspatroon ritme en rust. Tijdens het hele proces wordt je gestimuleerd je houding en beweging af te stemmen op het paard. Dit bevordert de psycho-motoriek en draagt bij aan je totale ontwikkeling.<\/p>\n<\/div>\n","protected":false},"excerpt":{"rendered":"","protected":false},"author":2,"featured_media":0,"parent":0,"menu_order":0,"comment_status":"closed","ping_status":"closed","template":"","meta":[],"yoast_head":"<!-- This site is optimized with the Yoast SEO plugin v21.8.1 - https:\/\/yoast.com\/wordpress\/plugins\/seo\/ -->\n<title>Wat is equitherapie - Equicura vzw - Equitherapie, hippotherapie, rijlessen, workshops, verjaardagsfeestjes ...<\/title>\n<meta name=\"description\" content=\"Equidream, Equi-dream, Equi therapie, Equitherapie en hippotherapie\" \/>\n<meta name=\"robots\" content=\"index, follow, max-snippet:-1, max-image-preview:large, max-video-preview:-1\" \/>\n<link rel=\"canonical\" href=\"https:\/\/www.equicura.be\/index.php\/equitherapie\/\" \/>\n<meta property=\"og:locale\" content=\"nl_NL\" \/>\n<meta property=\"og:type\" content=\"article\" \/>\n<meta property=\"og:title\" content=\"Wat is equitherapie - Equicura vzw - Equitherapie, hippotherapie, rijlessen, workshops, verjaardagsfeestjes ...\" \/>\n<meta property=\"og:description\" content=\"Equidream, Equi-dream, Equi therapie, Equitherapie en hippotherapie\" \/>\n<meta property=\"og:url\" content=\"https:\/\/www.equicura.be\/index.php\/equitherapie\/\" \/>\n<meta property=\"og:site_name\" content=\"Equicura vzw\" \/>\n<meta property=\"article:modified_time\" content=\"2022-04-22T15:32:53+00:00\" \/>\n<meta property=\"og:image\" content=\"http:\/\/www.equidream.be\/nieuw\/wp-content\/uploads\/2016\/03\/Charlien.jpg\" \/>\n<meta name=\"twitter:card\" content=\"summary_large_image\" \/>\n<meta name=\"twitter:label1\" content=\"Geschatte leestijd\" \/>\n\t<meta name=\"twitter:data1\" content=\"3 minuten\" \/>\n<script type=\"application\/ld+json\" class=\"yoast-schema-graph\">{\"@context\":\"https:\/\/schema.org\",\"@graph\":[{\"@type\":\"WebPage\",\"@id\":\"https:\/\/www.equicura.be\/index.php\/equitherapie\/\",\"url\":\"https:\/\/www.equicura.be\/index.php\/equitherapie\/\",\"name\":\"Wat is equitherapie - Equicura vzw - Equitherapie, hippotherapie, rijlessen, workshops, verjaardagsfeestjes ...\",\"isPartOf\":{\"@id\":\"https:\/\/www.equicura.be\/#website\"},\"datePublished\":\"2016-03-07T15:07:21+00:00\",\"dateModified\":\"2022-04-22T15:32:53+00:00\",\"description\":\"Equidream, Equi-dream, Equi therapie, Equitherapie en hippotherapie\",\"breadcrumb\":{\"@id\":\"https:\/\/www.equicura.be\/index.php\/equitherapie\/#breadcrumb\"},\"inLanguage\":\"nl-NL\",\"potentialAction\":[{\"@type\":\"ReadAction\",\"target\":[\"https:\/\/www.equicura.be\/index.php\/equitherapie\/\"]}]},{\"@type\":\"BreadcrumbList\",\"@id\":\"https:\/\/www.equicura.be\/index.php\/equitherapie\/#breadcrumb\",\"itemListElement\":[{\"@type\":\"ListItem\",\"position\":1,\"name\":\"Home\",\"item\":\"https:\/\/www.equicura.be\/\"},{\"@type\":\"ListItem\",\"position\":2,\"name\":\"Wat is equitherapie\"}]},{\"@type\":\"WebSite\",\"@id\":\"https:\/\/www.equicura.be\/#website\",\"url\":\"https:\/\/www.equicura.be\/\",\"name\":\"Equicura vzw\",\"description\":\"Equicura zorgaanbod voor maatschappelijk kwetsbare doelgroepen\",\"potentialAction\":[{\"@type\":\"SearchAction\",\"target\":{\"@type\":\"EntryPoint\",\"urlTemplate\":\"https:\/\/www.equicura.be\/?s={search_term_string}\"},\"query-input\":\"required name=search_term_string\"}],\"inLanguage\":\"nl-NL\"}]}<\/script>\n<!-- \/ Yoast SEO plugin. -->","yoast_head_json":{"title":"Wat is equitherapie - Equicura vzw - Equitherapie, hippotherapie, rijlessen, workshops, verjaardagsfeestjes ...","description":"Equidream, Equi-dream, Equi therapie, Equitherapie en hippotherapie","robots":{"index":"index","follow":"follow","max-snippet":"max-snippet:-1","max-image-preview":"max-image-preview:large","max-video-preview":"max-video-preview:-1"},"canonical":"https:\/\/www.equicura.be\/index.php\/equitherapie\/","og_locale":"nl_NL","og_type":"article","og_title":"Wat is equitherapie - Equicura vzw - Equitherapie, hippotherapie, rijlessen, workshops, verjaardagsfeestjes ...","og_description":"Equidream, Equi-dream, Equi therapie, Equitherapie en hippotherapie","og_url":"https:\/\/www.equicura.be\/index.php\/equitherapie\/","og_site_name":"Equicura vzw","article_modified_time":"2022-04-22T15:32:53+00:00","og_image":[{"url":"http:\/\/www.equidream.be\/nieuw\/wp-content\/uploads\/2016\/03\/Charlien.jpg"}],"twitter_card":"summary_large_image","twitter_misc":{"Geschatte leestijd":"3 minuten"},"schema":{"@context":"https:\/\/schema.org","@graph":[{"@type":"WebPage","@id":"https:\/\/www.equicura.be\/index.php\/equitherapie\/","url":"https:\/\/www.equicura.be\/index.php\/equitherapie\/","name":"Wat is equitherapie - Equicura vzw - Equitherapie, hippotherapie, rijlessen, workshops, verjaardagsfeestjes ...","isPartOf":{"@id":"https:\/\/www.equicura.be\/#website"},"datePublished":"2016-03-07T15:07:21+00:00","dateModified":"2022-04-22T15:32:53+00:00","description":"Equidream, Equi-dream, Equi therapie, Equitherapie en hippotherapie","breadcrumb":{"@id":"https:\/\/www.equicura.be\/index.php\/equitherapie\/#breadcrumb"},"inLanguage":"nl-NL","potentialAction":[{"@type":"ReadAction","target":["https:\/\/www.equicura.be\/index.php\/equitherapie\/"]}]},{"@type":"BreadcrumbList","@id":"https:\/\/www.equicura.be\/index.php\/equitherapie\/#breadcrumb","itemListElement":[{"@type":"ListItem","position":1,"name":"Home","item":"https:\/\/www.equicura.be\/"},{"@type":"ListItem","position":2,"name":"Wat is equitherapie"}]},{"@type":"WebSite","@id":"https:\/\/www.equicura.be\/#website","url":"https:\/\/www.equicura.be\/","name":"Equicura vzw","description":"Equicura zorgaanbod voor maatschappelijk kwetsbare doelgroepen","potentialAction":[{"@type":"SearchAction","target":{"@type":"EntryPoint","urlTemplate":"https:\/\/www.equicura.be\/?s={search_term_string}"},"query-input":"required name=search_term_string"}],"inLanguage":"nl-NL"}]}},"_links":{"self":[{"href":"https:\/\/www.equicura.be\/index.php\/wp-json\/wp\/v2\/pages\/10"}],"collection":[{"href":"https:\/\/www.equicura.be\/index.php\/wp-json\/wp\/v2\/pages"}],"about":[{"href":"https:\/\/www.equicura.be\/index.php\/wp-json\/wp\/v2\/types\/page"}],"author":[{"embeddable":true,"href":"https:\/\/www.equicura.be\/index.php\/wp-json\/wp\/v2\/users\/2"}],"replies":[{"embeddable":true,"href":"https:\/\/www.equicura.be\/index.php\/wp-json\/wp\/v2\/comments?post=10"}],"version-history":[{"count":72,"href":"https:\/\/www.equicura.be\/index.php\/wp-json\/wp\/v2\/pages\/10\/revisions"}],"predecessor-version":[{"id":765,"href":"https:\/\/www.equicura.be\/index.php\/wp-json\/wp\/v2\/pages\/10\/revisions\/765"}],"wp:attachment":[{"href":"https:\/\/www.equicura.be\/index.php\/wp-json\/wp\/v2\/media?parent=10"}],"curies":[{"name":"wp","href":"https:\/\/api.w.org\/{rel}","templated":true}]}}